{"id":24097,"date":"2025-11-10T14:01:51","date_gmt":"2025-11-10T14:01:51","guid":{"rendered":"https:\/\/suizhoutruck.com\/?page_id=24097"},"modified":"2025-11-10T14:04:40","modified_gmt":"2025-11-10T14:04:40","slug":"m%c9%99xfilik-siyas%c9%99ti","status":"publish","type":"page","link":"https:\/\/suizhoutruck.com\/az\/privacy-policy\/","title":{"rendered":"M\u0259xfilik Siyas\u0259ti"},"content":{"rendered":"<div data-elementor-type=\"wp-page\" data-elementor-id=\"24097\" class=\"elementor elementor-24097\" data-elementor-post-type=\"page\">\n\t\t\t\t<div class=\"elementor-element elementor-element-55091d7f e-flex e-con-boxed e-con e-parent\" data-id=\"55091d7f\" data-element_type=\"container\">\n\t\t\t\t\t<div class=\"e-con-inner\">\n\t\t\t\t<div class=\"elementor-element elementor-element-e09b667 elementor-widget elementor-widget-heading\" data-id=\"e09b667\" data-element_type=\"widget\" data-widget_type=\"heading.default\">\n\t\t\t\t\t<h1 class=\"elementor-heading-title elementor-size-default\">M\u0259xfilik Siyas\u0259ti<\/h1>\t\t\t\t<\/div>\n\t\t\t\t<div class=\"elementor-element elementor-element-b74ea7e elementor-widget elementor-widget-text-editor\" data-id=\"b74ea7e\" data-element_type=\"widget\" data-widget_type=\"text-editor.default\">\n\t\t\t\t\t\t\t\t\t\n<h2 class=\"wp-block-heading\">Biz kimik<\/h2>\n\n<p><strong class=\"privacy-policy-tutorial\">T\u0259klif olunan m\u0259tn: <\/strong>Veb sayt\u0131m\u0131z\u0131n \u00fcnvan\u0131: https:\/\/suizhoutruck.com.<\/p>\n\n<h2 class=\"wp-block-heading\">\u015e\u0259rhl\u0259r<\/h2>\n\n<p><strong class=\"privacy-policy-tutorial\">T\u0259klif olunan m\u0259tn: <\/strong>Ziyar\u0259t\u00e7il\u0259r saytda \u015f\u0259rhl\u0259r yazd\u0131qda, spam\u0131n a\u015fkarlanmas\u0131na k\u00f6m\u0259k etm\u0259k \u00fc\u00e7\u00fcn \u015f\u0259rh formas\u0131nda g\u00f6st\u0259ril\u0259n m\u0259lumatlar\u0131, h\u0259m\u00e7inin ziyar\u0259t\u00e7inin IP \u00fcnvan\u0131n\u0131 v\u0259 brauzer istifad\u0259\u00e7i agenti s\u0259trini toplay\u0131r\u0131q.<\/p>\n\n<p>E-po\u00e7t \u00fcnvan\u0131n\u0131zdan yarad\u0131lan anoniml\u0259\u015fdirilmi\u015f s\u0259tir (he\u015f d\u0259 adlan\u0131r) Gravatar xidm\u0259tin\u0259 istifad\u0259 edib-etm\u0259diyinizi yoxlamaq \u00fc\u00e7\u00fcn t\u0259qdim edil\u0259 bil\u0259r. Gravatar xidm\u0259tinin m\u0259xfilik siyas\u0259ti burada m\u00f6vcuddur: https:\/\/automattic.com\/privacy\/. \u015e\u0259rhiniz t\u0259sdiql\u0259ndikd\u0259n sonra profil \u015f\u0259kliniz \u015f\u0259rhinizin kontekstind\u0259 ictimaiyy\u0259t \u00fc\u00e7\u00fcn g\u00f6r\u00fcn\u00fcr.<\/p>\n\n<h2 class=\"wp-block-heading\">Media<\/h2>\n\n<p><strong class=\"privacy-policy-tutorial\">T\u0259klif olunan m\u0259tn: <\/strong>Veb sayta \u015f\u0259kill\u0259r y\u00fckl\u0259s\u0259niz, daxil edilmi\u015f yer m\u0259lumatlar\u0131 (EXIF GPS) daxil olmaqla \u015f\u0259kill\u0259r y\u00fckl\u0259m\u0259kd\u0259n \u00e7\u0259kinm\u0259lisiniz. Veb sayta daxil olanlar veb saytdak\u0131 \u015f\u0259kill\u0259rd\u0259n ist\u0259nil\u0259n yer m\u0259lumatlar\u0131n\u0131 y\u00fckl\u0259y\u0259 v\u0259 \u00e7\u0131xara bil\u0259rl\u0259r.<\/p>\n\n<h2 class=\"wp-block-heading\">Kukil\u0259r<\/h2>\n\n<p><strong class=\"privacy-policy-tutorial\">T\u0259klif olunan m\u0259tn: <\/strong>Sayt\u0131m\u0131zda \u015f\u0259rh yazsan\u0131z, ad\u0131n\u0131z\u0131, e-po\u00e7t \u00fcnvan\u0131n\u0131z\u0131 v\u0259 veb sayt\u0131n\u0131z\u0131 kukil\u0259rd\u0259 saxlama\u011f\u0131 se\u00e7\u0259 bil\u0259rsiniz. Bunlar sizin rahatl\u0131\u011f\u0131n\u0131z \u00fc\u00e7\u00fcnd\u00fcr ki, ba\u015fqa bir \u015f\u0259rh yazd\u0131\u011f\u0131n\u0131z zaman m\u0259lumatlar\u0131n\u0131z\u0131 yenid\u0259n doldurma\u011fa ehtiyac qalmas\u0131n. Bu kukil\u0259r bir il m\u00fcdd\u0259tind\u0259 davam ed\u0259c\u0259k.<\/p>\n\n<p>Giri\u015f s\u0259hif\u0259mizi ziyar\u0259t ets\u0259niz, brauzerinizin kukil\u0259ri q\u0259bul edib-etm\u0259diyini m\u00fc\u0259yy\u0259n etm\u0259k \u00fc\u00e7\u00fcn m\u00fcv\u0259qq\u0259ti kuki t\u0259yin ed\u0259c\u0259yik. Bu kukid\u0259 he\u00e7 bir \u015f\u0259xsi m\u0259lumat yoxdur v\u0259 brauzerinizi ba\u011flad\u0131\u011f\u0131n\u0131z zaman silinir.<\/p>\n\n<p>Daxil oldu\u011funuz zaman giri\u015f m\u0259lumatlar\u0131n\u0131z\u0131 v\u0259 ekran se\u00e7iml\u0259rinizi saxlamaq \u00fc\u00e7\u00fcn bir ne\u00e7\u0259 kuki d\u0259 qura\u015fd\u0131raca\u011f\u0131q. Giri\u015f kukil\u0259ri iki g\u00fcn, ekran se\u00e7iml\u0259ri kukil\u0259ri is\u0259 bir il davam edir. &quot;M\u0259ni xat\u0131rla&quot; se\u00e7imini ets\u0259niz, giri\u015finiz iki h\u0259ft\u0259 qalacaq. Hesab\u0131n\u0131zdan \u00e7\u0131xsan\u0131z, giri\u015f kukil\u0259ri silin\u0259c\u0259k.<\/p>\n\n<p>M\u0259qal\u0259ni redakt\u0259 ets\u0259niz v\u0259 ya d\u0259rc ets\u0259niz, brauzerinizd\u0259 \u0259lav\u0259 bir kuki saxlanacaq. Bu kuki he\u00e7 bir \u015f\u0259xsi m\u0259lumat ehtiva etmir v\u0259 sad\u0259c\u0259 redakt\u0259 etdiyiniz m\u0259qal\u0259nin post ID-sini g\u00f6st\u0259rir. 1 g\u00fcnd\u0259n sonra m\u00fcdd\u0259ti bitir.<\/p>\n\n<h2 class=\"wp-block-heading\">Dig\u0259r veb saytlardan daxil edilmi\u015f m\u0259zmun<\/h2>\n\n<p><strong class=\"privacy-policy-tutorial\">T\u0259klif olunan m\u0259tn: <\/strong>Bu saytdak\u0131 m\u0259qal\u0259l\u0259r daxil edilmi\u015f m\u0259zmunu (m\u0259s\u0259l\u0259n, videolar, \u015f\u0259kill\u0259r, m\u0259qal\u0259l\u0259r v\u0259 s.) \u0259hat\u0259 ed\u0259 bil\u0259r. Dig\u0259r veb saytlardan daxil edilmi\u015f m\u0259zmun, ziyar\u0259t\u00e7inin dig\u0259r veb sayt\u0131 ziyar\u0259t etdiyi kimi eyni \u015f\u0259kild\u0259 davran\u0131r.<\/p>\n\n<p>Bu veb saytlar sizin haqq\u0131n\u0131zda m\u0259lumat toplaya, kukil\u0259rd\u0259n istifad\u0259 ed\u0259, \u0259lav\u0259 \u00fc\u00e7\u00fcnc\u00fc t\u0259r\u0259f izl\u0259m\u0259 t\u0259tbiq ed\u0259 v\u0259 daxil edilmi\u015f m\u0259zmunla qar\u015f\u0131l\u0131ql\u0131 \u0259laq\u0259nizi izl\u0259y\u0259 bil\u0259r, o c\u00fcml\u0259d\u0259n hesab\u0131n\u0131z varsa v\u0259 h\u0259min veb sayta daxil olmusunuzsa, daxil edilmi\u015f m\u0259zmunla qar\u015f\u0131l\u0131ql\u0131 \u0259laq\u0259nizi izl\u0259y\u0259 bil\u0259r.<\/p>\n\n<h2 class=\"wp-block-heading\">M\u0259lumatlar\u0131n\u0131z\u0131 kiminl\u0259 payla\u015f\u0131r\u0131q<\/h2>\n\n<p><strong class=\"privacy-policy-tutorial\">T\u0259klif olunan m\u0259tn: <\/strong>\u015eifr\u0259nizi s\u0131f\u0131rlama\u011f\u0131 t\u0259l\u0259b ets\u0259niz, IP \u00fcnvan\u0131n\u0131z s\u0131f\u0131rlama e-po\u00e7tuna daxil edil\u0259c\u0259k.<\/p>\n\n<h2 class=\"wp-block-heading\">M\u0259lumatlar\u0131n\u0131z\u0131 n\u0259 q\u0259d\u0259r m\u00fcdd\u0259t saxlay\u0131r\u0131q<\/h2>\n\n<p><strong class=\"privacy-policy-tutorial\">T\u0259klif olunan m\u0259tn: <\/strong>\u015e\u0259rh yazsan\u0131z, \u015f\u0259rh v\u0259 onun metam\u0259lumatlar\u0131 qeyri-m\u00fc\u0259yy\u0259n m\u00fcdd\u0259t\u0259 saxlan\u0131lacaq. Bu, h\u0259r hans\u0131 bir \u0259lav\u0259 \u015f\u0259rhi moderasiya n\u00f6vb\u0259sind\u0259 saxlamaq \u0259v\u0259zin\u0259 avtomatik olaraq tan\u0131ya v\u0259 t\u0259sdiql\u0259y\u0259 bilm\u0259yimiz \u00fc\u00e7\u00fcnd\u00fcr.<\/p>\n\n<p>Veb sayt\u0131m\u0131zda qeydiyyatdan ke\u00e7\u0259n istifad\u0259\u00e7il\u0259r \u00fc\u00e7\u00fcn (\u0259g\u0259r varsa), biz onlar\u0131n t\u0259qdim etdiyi \u015f\u0259xsi m\u0259lumatlar\u0131 istifad\u0259\u00e7i profilind\u0259 d\u0259 saxlay\u0131r\u0131q. B\u00fct\u00fcn istifad\u0259\u00e7il\u0259r ist\u0259nil\u0259n vaxt \u015f\u0259xsi m\u0259lumatlar\u0131n\u0131 g\u00f6r\u0259, redakt\u0259 ed\u0259 v\u0259 ya sil\u0259 bil\u0259rl\u0259r (istifad\u0259\u00e7i adlar\u0131n\u0131 d\u0259yi\u015f\u0259 bilm\u0259zl\u0259r istisna olmaqla). Veb sayt administratorlar\u0131 da h\u0259min m\u0259lumatlar\u0131 g\u00f6r\u0259 v\u0259 redakt\u0259 ed\u0259 bil\u0259rl\u0259r.<\/p>\n\n<h2 class=\"wp-block-heading\">M\u0259lumatlar\u0131n\u0131z \u00fcz\u0259rind\u0259 hans\u0131 h\u00fcquqlar\u0131n\u0131z var<\/h2>\n\n<p><strong class=\"privacy-policy-tutorial\">T\u0259klif olunan m\u0259tn: <\/strong>Bu saytda hesab\u0131n\u0131z varsa v\u0259 ya \u015f\u0259rhl\u0259riniz varsa, biz\u0259 t\u0259qdim etdiyiniz h\u0259r hans\u0131 m\u0259lumat da daxil olmaqla, sizin haqq\u0131n\u0131zda saxlad\u0131\u011f\u0131m\u0131z \u015f\u0259xsi m\u0259lumatlar\u0131n ixrac edilmi\u015f fayl\u0131n\u0131 almaq \u00fc\u00e7\u00fcn sor\u011fu g\u00f6nd\u0259r\u0259 bil\u0259rsiniz. H\u0259m\u00e7inin, sizin haqq\u0131n\u0131zda saxlad\u0131\u011f\u0131m\u0131z h\u0259r hans\u0131 \u015f\u0259xsi m\u0259lumat\u0131 silm\u0259yimizi d\u0259 t\u0259l\u0259b ed\u0259 bil\u0259rsiniz. Buraya inzibati, h\u00fcquqi v\u0259 ya t\u0259hl\u00fck\u0259sizlik m\u0259qs\u0259dl\u0259ri \u00fc\u00e7\u00fcn saxlama\u011fa borclu oldu\u011fumuz he\u00e7 bir m\u0259lumat daxil deyil.<\/p>\n\n<h2 class=\"wp-block-heading\">M\u0259lumatlar\u0131n\u0131z hara g\u00f6nd\u0259rilir<\/h2>\n\n<p><strong class=\"privacy-policy-tutorial\">T\u0259klif olunan m\u0259tn: <\/strong>Ziyar\u0259t\u00e7il\u0259rin \u015f\u0259rhl\u0259ri avtomatla\u015fd\u0131r\u0131lm\u0131\u015f spam a\u015fkarlama xidm\u0259ti vasit\u0259sil\u0259 yoxlan\u0131la bil\u0259r.<\/p>\n\n<p>\u00a0<\/p>\t\t\t\t\t\t\t\t<\/div>\n\t\t\t\t\t<\/div>\n\t\t\t\t<\/div>\n\t\t\t\t<\/div>","protected":false},"excerpt":{"rendered":"<p>Privacy Policy Who we are Suggested text: Our website address is: https:\/\/suizhoutruck.com. Comments Suggested text: When visitors leave comments on the site we collect the data shown in the comments form, and also the visitor\u2019s IP address and browser user agent string to help spam detection. An anonymized string created from your email address (also [&hellip;]<\/p>\n","protected":false},"author":1,"featured_media":0,"parent":0,"menu_order":0,"comment_status":"closed","ping_status":"closed","template":"","meta":{"footnotes":""},"class_list":["post-24097","page","type-page","status-publish","hentry"],"_links":{"self":[{"href":"https:\/\/suizhoutruck.com\/az\/wp-json\/wp\/v2\/pages\/24097","targetHints":{"allow":["GET"]}}],"collection":[{"href":"https:\/\/suizhoutruck.com\/az\/wp-json\/wp\/v2\/pages"}],"about":[{"href":"https:\/\/suizhoutruck.com\/az\/wp-json\/wp\/v2\/types\/page"}],"author":[{"embeddable":true,"href":"https:\/\/suizhoutruck.com\/az\/wp-json\/wp\/v2\/users\/1"}],"replies":[{"embeddable":true,"href":"https:\/\/suizhoutruck.com\/az\/wp-json\/wp\/v2\/comments?post=24097"}],"version-history":[{"count":6,"href":"https:\/\/suizhoutruck.com\/az\/wp-json\/wp\/v2\/pages\/24097\/revisions"}],"predecessor-version":[{"id":24104,"href":"https:\/\/suizhoutruck.com\/az\/wp-json\/wp\/v2\/pages\/24097\/revisions\/24104"}],"wp:attachment":[{"href":"https:\/\/suizhoutruck.com\/az\/wp-json\/wp\/v2\/media?parent=24097"}],"curies":[{"name":"wp","href":"https:\/\/api.w.org\/{rel}","templated":true}]}}